{"id":13720,"date":"2025-04-14T19:18:54","date_gmt":"2025-04-14T18:18:54","guid":{"rendered":"https:\/\/test.salonmaris.pl\/produkt\/pearl-voucher\/"},"modified":"2025-04-18T23:35:26","modified_gmt":"2025-04-18T22:35:26","slug":"pearl-voucher","status":"publish","type":"product","link":"https:\/\/test.salonmaris.pl\/en\/sklep\/pearl-voucher\/","title":{"rendered":"Pearl Voucher"},"content":{"rendered":"","protected":false},"excerpt":{"rendered":"<p>Don&#8217;t have an idea for a gift? Opt for something that will always delight! Our gift certificate is the key to a world of relaxation, beauty and luxurious care.  <\/p>\n<p><strong>Why is it worth it?<\/strong><\/p>\n<ul>\n<li>The perfect gift &#8211; for any occasion: birthdays, anniversaries, holidays, Mother&#8217;s Day, Women&#8217;s Day<\/li>\n<li>Full freedom &#8211; the gifted person himself chooses the treatment tailored to his needs<\/li>\n<li>Exclusive experience &#8211; professional beauticians, best treatments, unique atmosphere<\/li>\n<\/ul>\n<p><strong>For whom?<\/strong><\/p>\n<ul>\n<li>For her &#8211; massages, spa rituals, face and body treatments<\/li>\n<li>For him &#8211; relaxation, regeneration, care at the highest level<\/li>\n<\/ul>\n<p><strong>Don&#8217;t wait<\/strong> &#8211; give a loved one a moment of luxury they will remember for a long time!<\/p>\n<p><strong>Buy online and make joy now!<\/strong><\/p>\n","protected":false},"featured_media":14537,"template":"","meta":{"_uag_custom_page_level_css":"","loftloader_page_shortcode":"","site-sidebar-layout":"default","site-content-layout":"","ast-site-content-layout":"default","site-content-style":"default","site-sidebar-style":"default","ast-global-header-display":"","ast-banner-title-visibility":"","ast-main-header-display":"","ast-hfb-above-header-display":"","ast-hfb-below-header-display":"","ast-hfb-mobile-header-display":"","site-post-title":"","ast-breadcrumbs-content":"","ast-featured-img":"","footer-sml-layout":"","ast-disable-related-posts":"","theme-transparent-header-meta":"default","adv-header-id-meta":"","stick-header-meta":"","header-above-stick-meta":"","header-main-stick-meta":"","header-below-stick-meta":"","astra-migrate-meta-layouts":"default","ast-page-background-enabled":"default","ast-page-background-meta":{"desktop":{"background-color":"var(--ast-global-color-4)","background-image":"","background-repeat":"repeat","background-position":"center center","background-size":"auto","background-attachment":"scroll","background-type":"","background-media":"","overlay-type":"","overlay-color":"","overlay-opacity":"","overlay-gradient":""},"tablet":{"background-color":"","background-image":"","background-repeat":"repeat","background-position":"center center","background-size":"auto","background-attachment":"scroll","background-type":"","background-media":"","overlay-type":"","overlay-color":"","overlay-opacity":"","overlay-gradient":""},"mobile":{"background-color":"","background-image":"","background-repeat":"repeat","background-position":"center center","background-size":"auto","background-attachment":"scroll","background-type":"","background-media":"","overlay-type":"","overlay-color":"","overlay-opacity":"","overlay-gradient":""}},"ast-content-background-meta":{"desktop":{"background-color":"var(--ast-global-color-5)","background-image":"","background-repeat":"repeat","background-position":"center center","background-size":"auto","background-attachment":"scroll","background-type":"","background-media":"","overlay-type":"","overlay-color":"","overlay-opacity":"","overlay-gradient":""},"tablet":{"background-color":"var(--ast-global-color-5)","background-image":"","background-repeat":"repeat","background-position":"center center","background-size":"auto","background-attachment":"scroll","background-type":"","background-media":"","overlay-type":"","overlay-color":"","overlay-opacity":"","overlay-gradient":""},"mobile":{"background-color":"var(--ast-global-color-5)","background-image":"","background-repeat":"repeat","background-position":"center center","background-size":"auto","background-attachment":"scroll","background-type":"","background-media":"","overlay-type":"","overlay-color":"","overlay-opacity":"","overlay-gradient":""}}},"product_brand":[],"product_cat":[151],"product_tag":[],"class_list":{"0":"post-13720","1":"product","2":"type-product","3":"status-publish","4":"has-post-thumbnail","6":"product_cat-vouchers","7":"desktop-align-left","8":"tablet-align-left","9":"mobile-align-center","11":"first","12":"instock","13":"virtual","14":"purchasable","15":"product-type-simple"},"yoast_head":"<!-- This site is optimized with the Yoast SEO Premium plugin v26.6 (Yoast SEO v27.1.1) - https:\/\/yoast.com\/product\/yoast-seo-premium-wordpress\/ -->\n<title>Pearl Voucher - MARIS Beauty Institute<\/title>\n<meta name=\"robots\" content=\"noindex, follow\" \/>\n<meta property=\"og:locale\" content=\"en_US\" \/>\n<meta property=\"og:type\" content=\"article\" \/>\n<meta property=\"og:title\" content=\"Pearl Voucher\" \/>\n<meta property=\"og:description\" content=\"Don&#039;t have an idea for a gift? Opt for something that will always delight! Our gift certificate is the key to a world of relaxation, beauty and luxurious care.  Why is it worth it?  The perfect gift - for any occasion: birthdays, anniversaries, holidays, Mother&#039;s Day, Women&#039;s Day  Full freedom - the gifted person himself chooses the treatment tailored to his needs  Exclusive experience - professional beauticians, best treatments, unique atmosphere For whom?  For her - massages, spa rituals, face and body treatments  For him - relaxation, regeneration, care at the highest level Don&#039;t wait - give a loved one a moment of luxury they will remember for a long time! Buy online and make joy now!\" \/>\n<meta property=\"og:url\" content=\"https:\/\/test.salonmaris.pl\/en\/sklep\/pearl-voucher\/\" \/>\n<meta property=\"og:site_name\" content=\"MARIS Beauty Institute\" \/>\n<meta property=\"article:publisher\" content=\"https:\/\/www.facebook.com\/share\/15oHWBWQu2\/?mibextid=wwXIfr\" \/>\n<meta property=\"article:modified_time\" content=\"2025-04-18T22:35:26+00:00\" \/>\n<meta property=\"og:image\" content=\"https:\/\/test.salonmaris.pl\/wp-content\/uploads\/2025\/04\/perla-2_Easy-Resize.com_.jpg\" \/>\n\t<meta property=\"og:image:width\" content=\"1280\" \/>\n\t<meta property=\"og:image:height\" content=\"1280\" \/>\n\t<meta property=\"og:image:type\" content=\"image\/jpeg\" \/>\n<meta name=\"twitter:card\" content=\"summary_large_image\" \/>\n<script type=\"application\/ld+json\" class=\"yoast-schema-graph\">{\"@context\":\"https:\/\/schema.org\",\"@graph\":[{\"@type\":\"WebPage\",\"@id\":\"https:\/\/test.salonmaris.pl\/en\/sklep\/pearl-voucher\/\",\"url\":\"https:\/\/test.salonmaris.pl\/en\/sklep\/pearl-voucher\/\",\"name\":\"Pearl Voucher - MARIS Beauty Institute\",\"isPartOf\":{\"@id\":\"https:\/\/test.salonmaris.pl\/en\/#website\"},\"primaryImageOfPage\":{\"@id\":\"https:\/\/test.salonmaris.pl\/en\/sklep\/pearl-voucher\/#primaryimage\"},\"image\":{\"@id\":\"https:\/\/test.salonmaris.pl\/en\/sklep\/pearl-voucher\/#primaryimage\"},\"thumbnailUrl\":\"https:\/\/test.salonmaris.pl\/wp-content\/uploads\/2025\/04\/perla-2_Easy-Resize.com_.jpg\",\"datePublished\":\"2025-04-14T18:18:54+00:00\",\"dateModified\":\"2025-04-18T22:35:26+00:00\",\"breadcrumb\":{\"@id\":\"https:\/\/test.salonmaris.pl\/en\/sklep\/pearl-voucher\/#breadcrumb\"},\"inLanguage\":\"en-US\",\"potentialAction\":[{\"@type\":\"ReadAction\",\"target\":[\"https:\/\/test.salonmaris.pl\/en\/sklep\/pearl-voucher\/\"]}]},{\"@type\":\"ImageObject\",\"inLanguage\":\"en-US\",\"@id\":\"https:\/\/test.salonmaris.pl\/en\/sklep\/pearl-voucher\/#primaryimage\",\"url\":\"https:\/\/test.salonmaris.pl\/wp-content\/uploads\/2025\/04\/perla-2_Easy-Resize.com_.jpg\",\"contentUrl\":\"https:\/\/test.salonmaris.pl\/wp-content\/uploads\/2025\/04\/perla-2_Easy-Resize.com_.jpg\",\"width\":1280,\"height\":1280,\"caption\":\"bon per\u0142owy\"},{\"@type\":\"BreadcrumbList\",\"@id\":\"https:\/\/test.salonmaris.pl\/en\/sklep\/pearl-voucher\/#breadcrumb\",\"itemListElement\":[{\"@type\":\"ListItem\",\"position\":1,\"name\":\"Strona g\u0142\u00f3wna\",\"item\":\"https:\/\/test.salonmaris.pl\/en\/\"},{\"@type\":\"ListItem\",\"position\":2,\"name\":\"Store\",\"item\":\"https:\/\/test.salonmaris.pl\/en\/store\/\"},{\"@type\":\"ListItem\",\"position\":3,\"name\":\"Pearl Voucher\"}]},{\"@type\":\"WebSite\",\"@id\":\"https:\/\/test.salonmaris.pl\/en\/#website\",\"url\":\"https:\/\/test.salonmaris.pl\/en\/\",\"name\":\"Maris Instytut Urody w Gdyni - Rewelacyjny salon kosmetyczny\",\"description\":\"salon beaty and wellnes w Gdyni\",\"publisher\":{\"@id\":\"https:\/\/test.salonmaris.pl\/en\/#organization\"},\"alternateName\":\"Maris Salon kosmetyczny w Gdyni\",\"potentialAction\":[{\"@type\":\"SearchAction\",\"target\":{\"@type\":\"EntryPoint\",\"urlTemplate\":\"https:\/\/test.salonmaris.pl\/en\/?s={search_term_string}\"},\"query-input\":{\"@type\":\"PropertyValueSpecification\",\"valueRequired\":true,\"valueName\":\"search_term_string\"}}],\"inLanguage\":\"en-US\"},{\"@type\":\"Organization\",\"@id\":\"https:\/\/test.salonmaris.pl\/en\/#organization\",\"name\":\"Maris Instytut Urody - salon kosmetyczny Gdynia\",\"alternateName\":\"Maris Salon kosmetyczny\",\"url\":\"https:\/\/test.salonmaris.pl\/en\/\",\"logo\":{\"@type\":\"ImageObject\",\"inLanguage\":\"en-US\",\"@id\":\"https:\/\/test.salonmaris.pl\/en\/#\/schema\/logo\/image\/\",\"url\":\"https:\/\/test.salonmaris.pl\/wp-content\/uploads\/2024\/12\/cropped-Maris_ZNAK_GRAFICZNY-niebieski-e1736692368762.png\",\"contentUrl\":\"https:\/\/test.salonmaris.pl\/wp-content\/uploads\/2024\/12\/cropped-Maris_ZNAK_GRAFICZNY-niebieski-e1736692368762.png\",\"width\":100,\"height\":100,\"caption\":\"Maris Instytut Urody - salon kosmetyczny Gdynia\"},\"image\":{\"@id\":\"https:\/\/test.salonmaris.pl\/en\/#\/schema\/logo\/image\/\"},\"sameAs\":[\"https:\/\/www.facebook.com\/share\/15oHWBWQu2\/?mibextid=wwXIfr\",\"https:\/\/www.instagram.com\/maris.gdynia\/\"],\"description\":\"Salon kosmetyczny w szerok\u0105 ofert\u0105 zabieg\u00f3w g\u0142\u00f3wnie na twarz i cia\u0142o. Pod\u0105\u017camy za trendami w naszej bran\u017cy. Specjalizujemy si\u0119 mi\u0119dzy innymi w takich zabiegach, jak Radiofrekwencja mikroig\u0142owa, Depilacja laserowa, Hifu, Ph Formu\u0142a, czy Black Doll, albo maderoterapia.\",\"email\":\"salon@salonmaris.pl\",\"telephone\":\"+48535853519\"}]}<\/script>\n<!-- \/ Yoast SEO Premium plugin. -->","yoast_head_json":{"title":"Pearl Voucher - MARIS Beauty Institute","robots":{"index":"noindex","follow":"follow"},"og_locale":"en_US","og_type":"article","og_title":"Pearl Voucher","og_description":"Don't have an idea for a gift? Opt for something that will always delight! Our gift certificate is the key to a world of relaxation, beauty and luxurious care.  Why is it worth it?  The perfect gift - for any occasion: birthdays, anniversaries, holidays, Mother's Day, Women's Day  Full freedom - the gifted person himself chooses the treatment tailored to his needs  Exclusive experience - professional beauticians, best treatments, unique atmosphere For whom?  For her - massages, spa rituals, face and body treatments  For him - relaxation, regeneration, care at the highest level Don't wait - give a loved one a moment of luxury they will remember for a long time! Buy online and make joy now!","og_url":"https:\/\/test.salonmaris.pl\/en\/sklep\/pearl-voucher\/","og_site_name":"MARIS Beauty Institute","article_publisher":"https:\/\/www.facebook.com\/share\/15oHWBWQu2\/?mibextid=wwXIfr","article_modified_time":"2025-04-18T22:35:26+00:00","og_image":[{"width":1280,"height":1280,"url":"https:\/\/test.salonmaris.pl\/wp-content\/uploads\/2025\/04\/perla-2_Easy-Resize.com_.jpg","type":"image\/jpeg"}],"twitter_card":"summary_large_image","schema":{"@context":"https:\/\/schema.org","@graph":[{"@type":"WebPage","@id":"https:\/\/test.salonmaris.pl\/en\/sklep\/pearl-voucher\/","url":"https:\/\/test.salonmaris.pl\/en\/sklep\/pearl-voucher\/","name":"Pearl Voucher - MARIS Beauty Institute","isPartOf":{"@id":"https:\/\/test.salonmaris.pl\/en\/#website"},"primaryImageOfPage":{"@id":"https:\/\/test.salonmaris.pl\/en\/sklep\/pearl-voucher\/#primaryimage"},"image":{"@id":"https:\/\/test.salonmaris.pl\/en\/sklep\/pearl-voucher\/#primaryimage"},"thumbnailUrl":"https:\/\/test.salonmaris.pl\/wp-content\/uploads\/2025\/04\/perla-2_Easy-Resize.com_.jpg","datePublished":"2025-04-14T18:18:54+00:00","dateModified":"2025-04-18T22:35:26+00:00","breadcrumb":{"@id":"https:\/\/test.salonmaris.pl\/en\/sklep\/pearl-voucher\/#breadcrumb"},"inLanguage":"en-US","potentialAction":[{"@type":"ReadAction","target":["https:\/\/test.salonmaris.pl\/en\/sklep\/pearl-voucher\/"]}]},{"@type":"ImageObject","inLanguage":"en-US","@id":"https:\/\/test.salonmaris.pl\/en\/sklep\/pearl-voucher\/#primaryimage","url":"https:\/\/test.salonmaris.pl\/wp-content\/uploads\/2025\/04\/perla-2_Easy-Resize.com_.jpg","contentUrl":"https:\/\/test.salonmaris.pl\/wp-content\/uploads\/2025\/04\/perla-2_Easy-Resize.com_.jpg","width":1280,"height":1280,"caption":"bon per\u0142owy"},{"@type":"BreadcrumbList","@id":"https:\/\/test.salonmaris.pl\/en\/sklep\/pearl-voucher\/#breadcrumb","itemListElement":[{"@type":"ListItem","position":1,"name":"Strona g\u0142\u00f3wna","item":"https:\/\/test.salonmaris.pl\/en\/"},{"@type":"ListItem","position":2,"name":"Store","item":"https:\/\/test.salonmaris.pl\/en\/store\/"},{"@type":"ListItem","position":3,"name":"Pearl Voucher"}]},{"@type":"WebSite","@id":"https:\/\/test.salonmaris.pl\/en\/#website","url":"https:\/\/test.salonmaris.pl\/en\/","name":"Maris Instytut Urody w Gdyni - Rewelacyjny salon kosmetyczny","description":"salon beaty and wellnes w Gdyni","publisher":{"@id":"https:\/\/test.salonmaris.pl\/en\/#organization"},"alternateName":"Maris Salon kosmetyczny w Gdyni","potentialAction":[{"@type":"SearchAction","target":{"@type":"EntryPoint","urlTemplate":"https:\/\/test.salonmaris.pl\/en\/?s={search_term_string}"},"query-input":{"@type":"PropertyValueSpecification","valueRequired":true,"valueName":"search_term_string"}}],"inLanguage":"en-US"},{"@type":"Organization","@id":"https:\/\/test.salonmaris.pl\/en\/#organization","name":"Maris Instytut Urody - salon kosmetyczny Gdynia","alternateName":"Maris Salon kosmetyczny","url":"https:\/\/test.salonmaris.pl\/en\/","logo":{"@type":"ImageObject","inLanguage":"en-US","@id":"https:\/\/test.salonmaris.pl\/en\/#\/schema\/logo\/image\/","url":"https:\/\/test.salonmaris.pl\/wp-content\/uploads\/2024\/12\/cropped-Maris_ZNAK_GRAFICZNY-niebieski-e1736692368762.png","contentUrl":"https:\/\/test.salonmaris.pl\/wp-content\/uploads\/2024\/12\/cropped-Maris_ZNAK_GRAFICZNY-niebieski-e1736692368762.png","width":100,"height":100,"caption":"Maris Instytut Urody - salon kosmetyczny Gdynia"},"image":{"@id":"https:\/\/test.salonmaris.pl\/en\/#\/schema\/logo\/image\/"},"sameAs":["https:\/\/www.facebook.com\/share\/15oHWBWQu2\/?mibextid=wwXIfr","https:\/\/www.instagram.com\/maris.gdynia\/"],"description":"Salon kosmetyczny w szerok\u0105 ofert\u0105 zabieg\u00f3w g\u0142\u00f3wnie na twarz i cia\u0142o. Pod\u0105\u017camy za trendami w naszej bran\u017cy. Specjalizujemy si\u0119 mi\u0119dzy innymi w takich zabiegach, jak Radiofrekwencja mikroig\u0142owa, Depilacja laserowa, Hifu, Ph Formu\u0142a, czy Black Doll, albo maderoterapia.","email":"salon@salonmaris.pl","telephone":"+48535853519"}]}},"uagb_featured_image_src":{"full":["https:\/\/test.salonmaris.pl\/wp-content\/uploads\/2025\/04\/perla-2_Easy-Resize.com_.jpg",1280,1280,false],"thumbnail":["https:\/\/test.salonmaris.pl\/wp-content\/uploads\/2025\/04\/perla-2_Easy-Resize.com_-300x300.jpg",300,300,true],"medium":["https:\/\/test.salonmaris.pl\/wp-content\/uploads\/2025\/04\/perla-2_Easy-Resize.com_-650x650.jpg",650,650,true],"medium_large":["https:\/\/test.salonmaris.pl\/wp-content\/uploads\/2025\/04\/perla-2_Easy-Resize.com_-768x768.jpg",768,768,true],"large":["https:\/\/test.salonmaris.pl\/wp-content\/uploads\/2025\/04\/perla-2_Easy-Resize.com_-1024x1024.jpg",1024,1024,true],"1536x1536":["https:\/\/test.salonmaris.pl\/wp-content\/uploads\/2025\/04\/perla-2_Easy-Resize.com_.jpg",1280,1280,false],"2048x2048":["https:\/\/test.salonmaris.pl\/wp-content\/uploads\/2025\/04\/perla-2_Easy-Resize.com_.jpg",1280,1280,false],"woocommerce_thumbnail":["https:\/\/test.salonmaris.pl\/wp-content\/uploads\/2025\/04\/perla-2_Easy-Resize.com_-450x338.jpg",450,338,true],"woocommerce_single":["https:\/\/test.salonmaris.pl\/wp-content\/uploads\/2025\/04\/perla-2_Easy-Resize.com_-600x600.jpg",600,600,true],"woocommerce_gallery_thumbnail":["https:\/\/test.salonmaris.pl\/wp-content\/uploads\/2025\/04\/perla-2_Easy-Resize.com_-100x100.jpg",100,100,true]},"uagb_author_info":{"display_name":"Margot","author_link":"https:\/\/test.salonmaris.pl\/en\/author\/"},"uagb_comment_info":0,"uagb_excerpt":"Don't have an idea for a gift? Opt for something that will always delight! Our gift certificate is the key to a world of relaxation, beauty and luxurious care. Why is it worth it? The perfect gift - for any occasion: birthdays, anniversaries, holidays, Mother's Day, Women's Day Full freedom - the gifted person himself&hellip;","_links":{"self":[{"href":"https:\/\/test.salonmaris.pl\/en\/wp-json\/wp\/v2\/product\/13720","targetHints":{"allow":["GET"]}}],"collection":[{"href":"https:\/\/test.salonmaris.pl\/en\/wp-json\/wp\/v2\/product"}],"about":[{"href":"https:\/\/test.salonmaris.pl\/en\/wp-json\/wp\/v2\/types\/product"}],"wp:featuredmedia":[{"embeddable":true,"href":"https:\/\/test.salonmaris.pl\/en\/wp-json\/wp\/v2\/media\/14537"}],"wp:attachment":[{"href":"https:\/\/test.salonmaris.pl\/en\/wp-json\/wp\/v2\/media?parent=13720"}],"wp:term":[{"taxonomy":"product_brand","embeddable":true,"href":"https:\/\/test.salonmaris.pl\/en\/wp-json\/wp\/v2\/product_brand?post=13720"},{"taxonomy":"product_cat","embeddable":true,"href":"https:\/\/test.salonmaris.pl\/en\/wp-json\/wp\/v2\/product_cat?post=13720"},{"taxonomy":"product_tag","embeddable":true,"href":"https:\/\/test.salonmaris.pl\/en\/wp-json\/wp\/v2\/product_tag?post=13720"}],"curies":[{"name":"wp","href":"https:\/\/api.w.org\/{rel}","templated":true}]}}